{"id":50,"date":"2024-12-09T10:26:54","date_gmt":"2024-12-09T10:26:54","guid":{"rendered":"https:\/\/bayana.dunasolution.com\/?page_id=50"},"modified":"2025-01-22T14:32:21","modified_gmt":"2025-01-22T14:32:21","slug":"galerija","status":"publish","type":"page","link":"https:\/\/bayana.dunasolution.com\/?page_id=50","title":{"rendered":"Galerija"},"content":{"rendered":"\t\t<div data-elementor-type=\"wp-page\" data-elementor-id=\"50\" class=\"elementor elementor-50\">\n\t\t\t\t\t\t<section class=\"elementor-section elementor-top-section elementor-element elementor-element-c89183f elementor-section-height-min-height elementor-section-boxed elementor-section-height-default elementor-section-items-middle\" data-id=\"c89183f\" data-element_type=\"section\" data-e-type=\"section\" data-settings=\"{&quot;background_background&quot;:&quot;classic&quot;}\">\n\t\t\t\t\t\t\t<div class=\"elementor-background-overlay\"><\/div>\n\t\t\t\t\t\t\t<div class=\"elementor-container elementor-column-gap-no\">\n\t\t\t\t\t<div class=\"elementor-column elementor-col-100 elementor-top-column elementor-element elementor-element-bb31a46\" data-id=\"bb31a46\" data-element_type=\"column\" data-e-type=\"column\">\n\t\t\t<div class=\"elementor-widget-wrap elementor-element-populated\">\n\t\t\t\t\t\t<div class=\"elementor-element elementor-element-0c8deaf elementor-widget elementor-widget-heading\" data-id=\"0c8deaf\" data-element_type=\"widget\" data-e-type=\"widget\" data-widget_type=\"heading.default\">\n\t\t\t\t<div class=\"elementor-widget-container\">\n\t\t\t\t\t<h1 class=\"elementor-heading-title elementor-size-default\">Galerija<\/h1>\t\t\t\t<\/div>\n\t\t\t\t<\/div>\n\t\t\t\t<div class=\"elementor-element elementor-element-52afb9c elementor-widget-divider--view-line elementor-widget elementor-widget-divider\" data-id=\"52afb9c\" data-element_type=\"widget\" data-e-type=\"widget\" data-widget_type=\"divider.default\">\n\t\t\t\t<div class=\"elementor-widget-container\">\n\t\t\t\t\t\t\t<div class=\"elementor-divider\">\n\t\t\t<span class=\"elementor-divider-separator\">\n\t\t\t\t\t\t<\/span>\n\t\t<\/div>\n\t\t\t\t\t\t<\/div>\n\t\t\t\t<\/div>\n\t\t\t\t\t<\/div>\n\t\t<\/div>\n\t\t\t\t\t<\/div>\n\t\t<\/section>\n\t\t\t\t<section class=\"elementor-section elementor-top-section elementor-element elementor-element-3bff9865 elementor-section-height-min-height elementor-hidden-desktop elementor-hidden-tablet elementor-hidden-mobile elementor-section-boxed elementor-section-height-default elementor-section-items-middle\" data-id=\"3bff9865\" data-element_type=\"section\" data-e-type=\"section\" data-settings=\"{&quot;background_background&quot;:&quot;slideshow&quot;,&quot;background_slideshow_gallery&quot;:[{&quot;id&quot;:299,&quot;url&quot;:&quot;https:\\\/\\\/bayana.dunasolution.com\\\/wp-content\\\/uploads\\\/2025\\\/01\\\/healthy-food.png&quot;},{&quot;id&quot;:301,&quot;url&quot;:&quot;https:\\\/\\\/bayana.dunasolution.com\\\/wp-content\\\/uploads\\\/2025\\\/01\\\/testenine.png&quot;},{&quot;id&quot;:300,&quot;url&quot;:&quot;https:\\\/\\\/bayana.dunasolution.com\\\/wp-content\\\/uploads\\\/2025\\\/01\\\/hleb.png&quot;}],&quot;background_slideshow_ken_burns&quot;:&quot;yes&quot;,&quot;background_slideshow_loop&quot;:&quot;yes&quot;,&quot;background_slideshow_slide_duration&quot;:5000,&quot;background_slideshow_slide_transition&quot;:&quot;fade&quot;,&quot;background_slideshow_transition_duration&quot;:500,&quot;background_slideshow_ken_burns_zoom_direction&quot;:&quot;in&quot;}\">\n\t\t\t\t\t\t\t<div class=\"elementor-background-overlay\"><\/div>\n\t\t\t\t\t\t\t<div class=\"elementor-container elementor-column-gap-no\">\n\t\t\t\t\t<div class=\"elementor-column elementor-col-100 elementor-top-column elementor-element elementor-element-2036c04a\" data-id=\"2036c04a\" data-element_type=\"column\" data-e-type=\"column\">\n\t\t\t<div class=\"elementor-widget-wrap elementor-element-populated\">\n\t\t\t\t\t\t<div class=\"elementor-element elementor-element-24674d32 elementor-widget elementor-widget-heading\" data-id=\"24674d32\" data-element_type=\"widget\" data-e-type=\"widget\" data-widget_type=\"heading.default\">\n\t\t\t\t<div class=\"elementor-widget-container\">\n\t\t\t\t\t<h1 class=\"elementor-heading-title elementor-size-default\">Gallery<\/h1>\t\t\t\t<\/div>\n\t\t\t\t<\/div>\n\t\t\t\t<div class=\"elementor-element elementor-element-29cca330 elementor-widget-divider--view-line elementor-widget elementor-widget-divider\" data-id=\"29cca330\" data-element_type=\"widget\" data-e-type=\"widget\" data-widget_type=\"divider.default\">\n\t\t\t\t<div class=\"elementor-widget-container\">\n\t\t\t\t\t\t\t<div class=\"elementor-divider\">\n\t\t\t<span class=\"elementor-divider-separator\">\n\t\t\t\t\t\t<\/span>\n\t\t<\/div>\n\t\t\t\t\t\t<\/div>\n\t\t\t\t<\/div>\n\t\t\t\t\t<\/div>\n\t\t<\/div>\n\t\t\t\t\t<\/div>\n\t\t<\/section>\n\t\t\t\t<section class=\"elementor-section elementor-top-section elementor-element elementor-element-4f5de219 elementor-section-boxed elementor-section-height-default elementor-section-height-default\" data-id=\"4f5de219\" data-element_type=\"section\" data-e-type=\"section\">\n\t\t\t\t\t\t<div class=\"elementor-container elementor-column-gap-default\">\n\t\t\t\t\t<div class=\"elementor-column elementor-col-100 elementor-top-column elementor-element elementor-element-3f0225ee\" data-id=\"3f0225ee\" data-element_type=\"column\" data-e-type=\"column\">\n\t\t\t<div class=\"elementor-widget-wrap elementor-element-populated\">\n\t\t\t\t\t\t<div class=\"elementor-element elementor-element-a2eb524 elementor-widget elementor-widget-heading\" data-id=\"a2eb524\" data-element_type=\"widget\" data-e-type=\"widget\" data-widget_type=\"heading.default\">\n\t\t\t\t<div class=\"elementor-widget-container\">\n\t\t\t\t\t<h2 class=\"elementor-heading-title elementor-size-default\">Bayana Food<\/h2>\t\t\t\t<\/div>\n\t\t\t\t<\/div>\n\t\t\t\t<div class=\"elementor-element elementor-element-29743184 gallery-spacing-custom elementor-invisible elementor-widget elementor-widget-image-gallery\" data-id=\"29743184\" data-element_type=\"widget\" data-e-type=\"widget\" data-settings=\"{&quot;_animation&quot;:&quot;fadeInUp&quot;}\" data-widget_type=\"image-gallery.default\">\n\t\t\t\t<div class=\"elementor-widget-container\">\n\t\t\t\t\t\t\t<div class=\"elementor-image-gallery\">\n\t\t\t<div id='gallery-1' class='gallery galleryid-50 gallery-columns-3 gallery-size-full'><figure class='gallery-item'>\n\t\t\t<div class='gallery-icon landscape'>\n\t\t\t\t<a data-elementor-open-lightbox=\"yes\" data-elementor-lightbox-slideshow=\"29743184\" data-elementor-lightbox-title=\"slika-46\" data-e-action-hash=\"#elementor-action%3Aaction%3Dlightbox%26settings%3DeyJpZCI6NTM4LCJ1cmwiOiJodHRwczpcL1wvYmF5YW5hLmR1bmFzb2x1dGlvbi5jb21cL3dwLWNvbnRlbnRcL3VwbG9hZHNcLzIwMjVcLzAxXC9zbGlrYS00Ni5wbmciLCJzbGlkZXNob3ciOiIyOTc0MzE4NCJ9\" href='https:\/\/bayana.dunasolution.com\/wp-content\/uploads\/2025\/01\/slika-46.png'><img fetchpriority=\"high\" decoding=\"async\" width=\"720\" height=\"717\" src=\"https:\/\/bayana.dunasolution.com\/wp-content\/uploads\/2025\/01\/slika-46.png\" class=\"attachment-full size-full\" alt=\"\" srcset=\"https:\/\/bayana.dunasolution.com\/wp-content\/uploads\/2025\/01\/slika-46.png 720w, https:\/\/bayana.dunasolution.com\/wp-content\/uploads\/2025\/01\/slika-46-300x300.png 300w, https:\/\/bayana.dunasolution.com\/wp-content\/uploads\/2025\/01\/slika-46-150x150.png 150w, https:\/\/bayana.dunasolution.com\/wp-content\/uploads\/2025\/01\/slika-46-600x598.png 600w, https:\/\/bayana.dunasolution.com\/wp-content\/uploads\/2025\/01\/slika-46-100x100.png 100w\" sizes=\"(max-width: 720px) 100vw, 720px\" \/><\/a>\n\t\t\t<\/div><\/figure><figure class='gallery-item'>\n\t\t\t<div class='gallery-icon landscape'>\n\t\t\t\t<a data-elementor-open-lightbox=\"yes\" data-elementor-lightbox-slideshow=\"29743184\" data-elementor-lightbox-title=\"slika-45\" data-e-action-hash=\"#elementor-action%3Aaction%3Dlightbox%26settings%3DeyJpZCI6NTM3LCJ1cmwiOiJodHRwczpcL1wvYmF5YW5hLmR1bmFzb2x1dGlvbi5jb21cL3dwLWNvbnRlbnRcL3VwbG9hZHNcLzIwMjVcLzAxXC9zbGlrYS00NS5wbmciLCJzbGlkZXNob3ciOiIyOTc0MzE4NCJ9\" href='https:\/\/bayana.dunasolution.com\/wp-content\/uploads\/2025\/01\/slika-45.png'><img decoding=\"async\" width=\"720\" height=\"717\" src=\"https:\/\/bayana.dunasolution.com\/wp-content\/uploads\/2025\/01\/slika-45.png\" class=\"attachment-full size-full\" alt=\"\" srcset=\"https:\/\/bayana.dunasolution.com\/wp-content\/uploads\/2025\/01\/slika-45.png 720w, https:\/\/bayana.dunasolution.com\/wp-content\/uploads\/2025\/01\/slika-45-300x300.png 300w, https:\/\/bayana.dunasolution.com\/wp-content\/uploads\/2025\/01\/slika-45-150x150.png 150w, https:\/\/bayana.dunasolution.com\/wp-content\/uploads\/2025\/01\/slika-45-600x598.png 600w, https:\/\/bayana.dunasolution.com\/wp-content\/uploads\/2025\/01\/slika-45-100x100.png 100w\" sizes=\"(max-width: 720px) 100vw, 720px\" \/><\/a>\n\t\t\t<\/div><\/figure><figure class='gallery-item'>\n\t\t\t<div class='gallery-icon landscape'>\n\t\t\t\t<a data-elementor-open-lightbox=\"yes\" data-elementor-lightbox-slideshow=\"29743184\" data-elementor-lightbox-title=\"slika-30\" data-e-action-hash=\"#elementor-action%3Aaction%3Dlightbox%26settings%3DeyJpZCI6NDk4LCJ1cmwiOiJodHRwczpcL1wvYmF5YW5hLmR1bmFzb2x1dGlvbi5jb21cL3dwLWNvbnRlbnRcL3VwbG9hZHNcLzIwMjVcLzAxXC9zbGlrYS0zMC5wbmciLCJzbGlkZXNob3ciOiIyOTc0MzE4NCJ9\" href='https:\/\/bayana.dunasolution.com\/wp-content\/uploads\/2025\/01\/slika-30.png'><img decoding=\"async\" width=\"720\" height=\"717\" src=\"https:\/\/bayana.dunasolution.com\/wp-content\/uploads\/2025\/01\/slika-30.png\" class=\"attachment-full size-full\" alt=\"\" srcset=\"https:\/\/bayana.dunasolution.com\/wp-content\/uploads\/2025\/01\/slika-30.png 720w, https:\/\/bayana.dunasolution.com\/wp-content\/uploads\/2025\/01\/slika-30-300x300.png 300w, https:\/\/bayana.dunasolution.com\/wp-content\/uploads\/2025\/01\/slika-30-150x150.png 150w, https:\/\/bayana.dunasolution.com\/wp-content\/uploads\/2025\/01\/slika-30-600x598.png 600w, https:\/\/bayana.dunasolution.com\/wp-content\/uploads\/2025\/01\/slika-30-100x100.png 100w\" sizes=\"(max-width: 720px) 100vw, 720px\" \/><\/a>\n\t\t\t<\/div><\/figure><figure class='gallery-item'>\n\t\t\t<div class='gallery-icon landscape'>\n\t\t\t\t<a data-elementor-open-lightbox=\"yes\" data-elementor-lightbox-slideshow=\"29743184\" data-elementor-lightbox-title=\"slika-33\" data-e-action-hash=\"#elementor-action%3Aaction%3Dlightbox%26settings%3DeyJpZCI6NTAxLCJ1cmwiOiJodHRwczpcL1wvYmF5YW5hLmR1bmFzb2x1dGlvbi5jb21cL3dwLWNvbnRlbnRcL3VwbG9hZHNcLzIwMjVcLzAxXC9zbGlrYS0zMy5wbmciLCJzbGlkZXNob3ciOiIyOTc0MzE4NCJ9\" href='https:\/\/bayana.dunasolution.com\/wp-content\/uploads\/2025\/01\/slika-33.png'><img loading=\"lazy\" decoding=\"async\" width=\"720\" height=\"717\" src=\"https:\/\/bayana.dunasolution.com\/wp-content\/uploads\/2025\/01\/slika-33.png\" class=\"attachment-full size-full\" alt=\"\" srcset=\"https:\/\/bayana.dunasolution.com\/wp-content\/uploads\/2025\/01\/slika-33.png 720w, https:\/\/bayana.dunasolution.com\/wp-content\/uploads\/2025\/01\/slika-33-300x300.png 300w, https:\/\/bayana.dunasolution.com\/wp-content\/uploads\/2025\/01\/slika-33-150x150.png 150w, https:\/\/bayana.dunasolution.com\/wp-content\/uploads\/2025\/01\/slika-33-600x598.png 600w, https:\/\/bayana.dunasolution.com\/wp-content\/uploads\/2025\/01\/slika-33-100x100.png 100w\" sizes=\"(max-width: 720px) 100vw, 720px\" \/><\/a>\n\t\t\t<\/div><\/figure><figure class='gallery-item'>\n\t\t\t<div class='gallery-icon landscape'>\n\t\t\t\t<a data-elementor-open-lightbox=\"yes\" data-elementor-lightbox-slideshow=\"29743184\" data-elementor-lightbox-title=\"slika-34\" data-e-action-hash=\"#elementor-action%3Aaction%3Dlightbox%26settings%3DeyJpZCI6NTAyLCJ1cmwiOiJodHRwczpcL1wvYmF5YW5hLmR1bmFzb2x1dGlvbi5jb21cL3dwLWNvbnRlbnRcL3VwbG9hZHNcLzIwMjVcLzAxXC9zbGlrYS0zNC5wbmciLCJzbGlkZXNob3ciOiIyOTc0MzE4NCJ9\" href='https:\/\/bayana.dunasolution.com\/wp-content\/uploads\/2025\/01\/slika-34.png'><img loading=\"lazy\" decoding=\"async\" width=\"720\" height=\"717\" src=\"https:\/\/bayana.dunasolution.com\/wp-content\/uploads\/2025\/01\/slika-34.png\" class=\"attachment-full size-full\" alt=\"\" srcset=\"https:\/\/bayana.dunasolution.com\/wp-content\/uploads\/2025\/01\/slika-34.png 720w, https:\/\/bayana.dunasolution.com\/wp-content\/uploads\/2025\/01\/slika-34-300x300.png 300w, https:\/\/bayana.dunasolution.com\/wp-content\/uploads\/2025\/01\/slika-34-150x150.png 150w, https:\/\/bayana.dunasolution.com\/wp-content\/uploads\/2025\/01\/slika-34-600x598.png 600w, https:\/\/bayana.dunasolution.com\/wp-content\/uploads\/2025\/01\/slika-34-100x100.png 100w\" sizes=\"(max-width: 720px) 100vw, 720px\" \/><\/a>\n\t\t\t<\/div><\/figure><figure class='gallery-item'>\n\t\t\t<div class='gallery-icon landscape'>\n\t\t\t\t<a data-elementor-open-lightbox=\"yes\" data-elementor-lightbox-slideshow=\"29743184\" data-elementor-lightbox-title=\"1737537408471\" data-e-action-hash=\"#elementor-action%3Aaction%3Dlightbox%26settings%3DeyJpZCI6NDkxLCJ1cmwiOiJodHRwczpcL1wvYmF5YW5hLmR1bmFzb2x1dGlvbi5jb21cL3dwLWNvbnRlbnRcL3VwbG9hZHNcLzIwMjVcLzAxXC8xNzM3NTM3NDA4NDcxLmpwZyIsInNsaWRlc2hvdyI6IjI5NzQzMTg0In0%3D\" href='https:\/\/bayana.dunasolution.com\/wp-content\/uploads\/2025\/01\/1737537408471.jpg'><img loading=\"lazy\" decoding=\"async\" width=\"720\" height=\"694\" src=\"https:\/\/bayana.dunasolution.com\/wp-content\/uploads\/2025\/01\/1737537408471.jpg\" class=\"attachment-full size-full\" alt=\"\" srcset=\"https:\/\/bayana.dunasolution.com\/wp-content\/uploads\/2025\/01\/1737537408471.jpg 720w, https:\/\/bayana.dunasolution.com\/wp-content\/uploads\/2025\/01\/1737537408471-300x289.jpg 300w, https:\/\/bayana.dunasolution.com\/wp-content\/uploads\/2025\/01\/1737537408471-600x578.jpg 600w\" sizes=\"(max-width: 720px) 100vw, 720px\" \/><\/a>\n\t\t\t<\/div><\/figure><figure class='gallery-item'>\n\t\t\t<div class='gallery-icon landscape'>\n\t\t\t\t<a data-elementor-open-lightbox=\"yes\" data-elementor-lightbox-slideshow=\"29743184\" data-elementor-lightbox-title=\"slika-27\" data-e-action-hash=\"#elementor-action%3Aaction%3Dlightbox%26settings%3DeyJpZCI6NDk1LCJ1cmwiOiJodHRwczpcL1wvYmF5YW5hLmR1bmFzb2x1dGlvbi5jb21cL3dwLWNvbnRlbnRcL3VwbG9hZHNcLzIwMjVcLzAxXC9zbGlrYS0yNy5wbmciLCJzbGlkZXNob3ciOiIyOTc0MzE4NCJ9\" href='https:\/\/bayana.dunasolution.com\/wp-content\/uploads\/2025\/01\/slika-27.png'><img loading=\"lazy\" decoding=\"async\" width=\"720\" height=\"717\" src=\"https:\/\/bayana.dunasolution.com\/wp-content\/uploads\/2025\/01\/slika-27.png\" class=\"attachment-full size-full\" alt=\"\" srcset=\"https:\/\/bayana.dunasolution.com\/wp-content\/uploads\/2025\/01\/slika-27.png 720w, https:\/\/bayana.dunasolution.com\/wp-content\/uploads\/2025\/01\/slika-27-300x300.png 300w, https:\/\/bayana.dunasolution.com\/wp-content\/uploads\/2025\/01\/slika-27-150x150.png 150w, https:\/\/bayana.dunasolution.com\/wp-content\/uploads\/2025\/01\/slika-27-600x598.png 600w, https:\/\/bayana.dunasolution.com\/wp-content\/uploads\/2025\/01\/slika-27-100x100.png 100w\" sizes=\"(max-width: 720px) 100vw, 720px\" \/><\/a>\n\t\t\t<\/div><\/figure><figure class='gallery-item'>\n\t\t\t<div class='gallery-icon landscape'>\n\t\t\t\t<a data-elementor-open-lightbox=\"yes\" data-elementor-lightbox-slideshow=\"29743184\" data-elementor-lightbox-title=\"slika-26\" data-e-action-hash=\"#elementor-action%3Aaction%3Dlightbox%26settings%3DeyJpZCI6NDk0LCJ1cmwiOiJodHRwczpcL1wvYmF5YW5hLmR1bmFzb2x1dGlvbi5jb21cL3dwLWNvbnRlbnRcL3VwbG9hZHNcLzIwMjVcLzAxXC9zbGlrYS0yNi5wbmciLCJzbGlkZXNob3ciOiIyOTc0MzE4NCJ9\" href='https:\/\/bayana.dunasolution.com\/wp-content\/uploads\/2025\/01\/slika-26.png'><img loading=\"lazy\" decoding=\"async\" width=\"720\" height=\"717\" src=\"https:\/\/bayana.dunasolution.com\/wp-content\/uploads\/2025\/01\/slika-26.png\" class=\"attachment-full size-full\" alt=\"\" srcset=\"https:\/\/bayana.dunasolution.com\/wp-content\/uploads\/2025\/01\/slika-26.png 720w, https:\/\/bayana.dunasolution.com\/wp-content\/uploads\/2025\/01\/slika-26-300x300.png 300w, https:\/\/bayana.dunasolution.com\/wp-content\/uploads\/2025\/01\/slika-26-150x150.png 150w, https:\/\/bayana.dunasolution.com\/wp-content\/uploads\/2025\/01\/slika-26-600x598.png 600w, https:\/\/bayana.dunasolution.com\/wp-content\/uploads\/2025\/01\/slika-26-100x100.png 100w\" sizes=\"(max-width: 720px) 100vw, 720px\" \/><\/a>\n\t\t\t<\/div><\/figure><figure class='gallery-item'>\n\t\t\t<div class='gallery-icon landscape'>\n\t\t\t\t<a data-elementor-open-lightbox=\"yes\" data-elementor-lightbox-slideshow=\"29743184\" data-elementor-lightbox-title=\"slika-28\" data-e-action-hash=\"#elementor-action%3Aaction%3Dlightbox%26settings%3DeyJpZCI6NDk2LCJ1cmwiOiJodHRwczpcL1wvYmF5YW5hLmR1bmFzb2x1dGlvbi5jb21cL3dwLWNvbnRlbnRcL3VwbG9hZHNcLzIwMjVcLzAxXC9zbGlrYS0yOC5wbmciLCJzbGlkZXNob3ciOiIyOTc0MzE4NCJ9\" href='https:\/\/bayana.dunasolution.com\/wp-content\/uploads\/2025\/01\/slika-28.png'><img loading=\"lazy\" decoding=\"async\" width=\"720\" height=\"717\" src=\"https:\/\/bayana.dunasolution.com\/wp-content\/uploads\/2025\/01\/slika-28.png\" class=\"attachment-full size-full\" alt=\"\" srcset=\"https:\/\/bayana.dunasolution.com\/wp-content\/uploads\/2025\/01\/slika-28.png 720w, https:\/\/bayana.dunasolution.com\/wp-content\/uploads\/2025\/01\/slika-28-300x300.png 300w, https:\/\/bayana.dunasolution.com\/wp-content\/uploads\/2025\/01\/slika-28-150x150.png 150w, https:\/\/bayana.dunasolution.com\/wp-content\/uploads\/2025\/01\/slika-28-600x598.png 600w, https:\/\/bayana.dunasolution.com\/wp-content\/uploads\/2025\/01\/slika-28-100x100.png 100w\" sizes=\"(max-width: 720px) 100vw, 720px\" \/><\/a>\n\t\t\t<\/div><\/figure>\n\t\t<\/div>\n\t\t<\/div>\n\t\t\t\t\t\t<\/div>\n\t\t\t\t<\/div>\n\t\t\t\t<div class=\"elementor-element elementor-element-d789c2c elementor-widget elementor-widget-heading\" data-id=\"d789c2c\" data-element_type=\"widget\" data-e-type=\"widget\" data-widget_type=\"heading.default\">\n\t\t\t\t<div class=\"elementor-widget-container\">\n\t\t\t\t\t<h2 class=\"elementor-heading-title elementor-size-default\">Zato \u0161to voli\u0161 sebe!<\/h2>\t\t\t\t<\/div>\n\t\t\t\t<\/div>\n\t\t\t\t\t<\/div>\n\t\t<\/div>\n\t\t\t\t\t<\/div>\n\t\t<\/section>\n\t\t\t\t<section class=\"elementor-section elementor-top-section elementor-element elementor-element-7561fd61 elementor-section-boxed elementor-section-height-default elementor-section-height-default\" data-id=\"7561fd61\" data-element_type=\"section\" data-e-type=\"section\" data-settings=\"{&quot;background_background&quot;:&quot;classic&quot;}\">\n\t\t\t\t\t\t\t<div class=\"elementor-background-overlay\"><\/div>\n\t\t\t\t\t\t\t<div class=\"elementor-container elementor-column-gap-default\">\n\t\t\t\t\t<div class=\"elementor-column elementor-col-100 elementor-top-column elementor-element elementor-element-63381cf0\" data-id=\"63381cf0\" data-element_type=\"column\" data-e-type=\"column\">\n\t\t\t<div class=\"elementor-widget-wrap elementor-element-populated\">\n\t\t\t\t\t\t<div class=\"elementor-element elementor-element-52af2b49 elementor-widget elementor-widget-heading\" data-id=\"52af2b49\" data-element_type=\"widget\" data-e-type=\"widget\" data-widget_type=\"heading.default\">\n\t\t\t\t<div class=\"elementor-widget-container\">\n\t\t\t\t\t<h4 class=\"elementor-heading-title elementor-size-default\">U\u017eivaj u svakom trenutku!<\/h4>\t\t\t\t<\/div>\n\t\t\t\t<\/div>\n\t\t\t\t<div class=\"elementor-element elementor-element-77e7c7e0 elementor-widget-divider--view-line elementor-widget elementor-widget-divider\" data-id=\"77e7c7e0\" data-element_type=\"widget\" data-e-type=\"widget\" data-widget_type=\"divider.default\">\n\t\t\t\t<div class=\"elementor-widget-container\">\n\t\t\t\t\t\t\t<div class=\"elementor-divider\">\n\t\t\t<span class=\"elementor-divider-separator\">\n\t\t\t\t\t\t<\/span>\n\t\t<\/div>\n\t\t\t\t\t\t<\/div>\n\t\t\t\t<\/div>\n\t\t\t\t<div class=\"elementor-element elementor-element-1222d787 elementor-widget elementor-widget-heading\" data-id=\"1222d787\" data-element_type=\"widget\" data-e-type=\"widget\" data-widget_type=\"heading.default\">\n\t\t\t\t<div class=\"elementor-widget-container\">\n\t\t\t\t\t<h1 class=\"elementor-heading-title elementor-size-default\">Bayana Food<\/h1>\t\t\t\t<\/div>\n\t\t\t\t<\/div>\n\t\t\t\t\t<\/div>\n\t\t<\/div>\n\t\t\t\t\t<\/div>\n\t\t<\/section>\n\t\t\t\t<\/div>\n\t\t","protected":false},"excerpt":{"rendered":"<p>Galerija Gallery Bayana Food Zato \u0161to voli\u0161 sebe! U\u017eivaj u svakom trenutku! Bayana Food<\/p>\n","protected":false},"author":1,"featured_media":0,"parent":0,"menu_order":0,"comment_status":"closed","ping_status":"closed","template":"","meta":{"postBodyMargin":[],"postBodyPadding":[],"postBodyBackground":{"backgroundType":"classic","gradient":""},"footnotes":""},"class_list":["post-50","page","type-page","status-publish","hentry"],"_links":{"self":[{"href":"https:\/\/bayana.dunasolution.com\/index.php?rest_route=\/wp\/v2\/pages\/50","targetHints":{"allow":["GET"]}}],"collection":[{"href":"https:\/\/bayana.dunasolution.com\/index.php?rest_route=\/wp\/v2\/pages"}],"about":[{"href":"https:\/\/bayana.dunasolution.com\/index.php?rest_route=\/wp\/v2\/types\/page"}],"author":[{"embeddable":true,"href":"https:\/\/bayana.dunasolution.com\/index.php?rest_route=\/wp\/v2\/users\/1"}],"replies":[{"embeddable":true,"href":"https:\/\/bayana.dunasolution.com\/index.php?rest_route=%2Fwp%2Fv2%2Fcomments&post=50"}],"version-history":[{"count":28,"href":"https:\/\/bayana.dunasolution.com\/index.php?rest_route=\/wp\/v2\/pages\/50\/revisions"}],"predecessor-version":[{"id":577,"href":"https:\/\/bayana.dunasolution.com\/index.php?rest_route=\/wp\/v2\/pages\/50\/revisions\/577"}],"wp:attachment":[{"href":"https:\/\/bayana.dunasolution.com\/index.php?rest_route=%2Fwp%2Fv2%2Fmedia&parent=50"}],"curies":[{"name":"wp","href":"https:\/\/api.w.org\/{rel}","templated":true}]}}