{"id":51,"date":"2024-12-09T10:26:54","date_gmt":"2024-12-09T10:26:54","guid":{"rendered":"https:\/\/bayana.dunasolution.com\/?page_id=51"},"modified":"2025-01-22T16:06:37","modified_gmt":"2025-01-22T16:06:37","slug":"nasa_prica","status":"publish","type":"page","link":"https:\/\/bayana.dunasolution.com\/?page_id=51","title":{"rendered":"Na\u0161a pri\u010da"},"content":{"rendered":"\t\t<div data-elementor-type=\"wp-page\" data-elementor-id=\"51\" class=\"elementor elementor-51\">\n\t\t\t\t\t\t<section class=\"elementor-section elementor-top-section elementor-element elementor-element-69024b3f elementor-section-height-min-height elementor-section-boxed elementor-section-height-default elementor-section-items-middle\" data-id=\"69024b3f\" data-element_type=\"section\" data-e-type=\"section\" data-settings=\"{&quot;background_background&quot;:&quot;classic&quot;}\">\n\t\t\t\t\t\t\t<div class=\"elementor-background-overlay\"><\/div>\n\t\t\t\t\t\t\t<div class=\"elementor-container elementor-column-gap-no\">\n\t\t\t\t\t<div class=\"elementor-column elementor-col-100 elementor-top-column elementor-element elementor-element-443b61ae\" data-id=\"443b61ae\" data-element_type=\"column\" data-e-type=\"column\">\n\t\t\t<div class=\"elementor-widget-wrap elementor-element-populated\">\n\t\t\t\t\t\t<div class=\"elementor-element elementor-element-62b65219 elementor-widget elementor-widget-heading\" data-id=\"62b65219\" data-element_type=\"widget\" data-e-type=\"widget\" data-widget_type=\"heading.default\">\n\t\t\t\t<div class=\"elementor-widget-container\">\n\t\t\t\t\t<h1 class=\"elementor-heading-title elementor-size-default\">Na\u0161a pri\u010da<\/h1>\t\t\t\t<\/div>\n\t\t\t\t<\/div>\n\t\t\t\t<div class=\"elementor-element elementor-element-79f58d62 elementor-widget-divider--view-line elementor-widget elementor-widget-divider\" data-id=\"79f58d62\" data-element_type=\"widget\" data-e-type=\"widget\" data-widget_type=\"divider.default\">\n\t\t\t\t<div class=\"elementor-widget-container\">\n\t\t\t\t\t\t\t<div class=\"elementor-divider\">\n\t\t\t<span class=\"elementor-divider-separator\">\n\t\t\t\t\t\t<\/span>\n\t\t<\/div>\n\t\t\t\t\t\t<\/div>\n\t\t\t\t<\/div>\n\t\t\t\t\t<\/div>\n\t\t<\/div>\n\t\t\t\t\t<\/div>\n\t\t<\/section>\n\t\t\t\t<section class=\"elementor-section elementor-top-section elementor-element elementor-element-f8bcc1 elementor-section-boxed elementor-section-height-default elementor-section-height-default\" data-id=\"f8bcc1\" data-element_type=\"section\" data-e-type=\"section\">\n\t\t\t\t\t\t<div class=\"elementor-container elementor-column-gap-default\">\n\t\t\t\t\t<div class=\"elementor-column elementor-col-100 elementor-top-column elementor-element elementor-element-76b422bf\" data-id=\"76b422bf\" data-element_type=\"column\" data-e-type=\"column\">\n\t\t\t<div class=\"elementor-widget-wrap elementor-element-populated\">\n\t\t\t\t\t\t<div class=\"elementor-element elementor-element-f5f4411 elementor-widget elementor-widget-heading\" data-id=\"f5f4411\" data-element_type=\"widget\" data-e-type=\"widget\" data-widget_type=\"heading.default\">\n\t\t\t\t<div class=\"elementor-widget-container\">\n\t\t\t\t\t<h2 class=\"elementor-heading-title elementor-size-default\">Zato \u0161to voli\u0161 sebe!<\/h2>\t\t\t\t<\/div>\n\t\t\t\t<\/div>\n\t\t\t\t\t<\/div>\n\t\t<\/div>\n\t\t\t\t\t<\/div>\n\t\t<\/section>\n\t\t\t\t<section class=\"elementor-section elementor-top-section elementor-element elementor-element-735241d4 elementor-section-full_width elementor-section-content-space-between elementor-section-height-default elementor-section-height-default\" data-id=\"735241d4\" data-element_type=\"section\" data-e-type=\"section\" data-settings=\"{&quot;background_background&quot;:&quot;classic&quot;,&quot;animation&quot;:&quot;none&quot;}\">\n\t\t\t\t\t\t<div class=\"elementor-container elementor-column-gap-no\">\n\t\t\t\t\t<div class=\"elementor-column elementor-col-100 elementor-top-column elementor-element elementor-element-c12a1dd\" data-id=\"c12a1dd\" data-element_type=\"column\" data-e-type=\"column\">\n\t\t\t<div class=\"elementor-widget-wrap elementor-element-populated\">\n\t\t\t\t\t\t<section class=\"elementor-section elementor-inner-section elementor-element elementor-element-1835ad5e elementor-section-boxed elementor-section-height-default elementor-section-height-default\" data-id=\"1835ad5e\" data-element_type=\"section\" data-e-type=\"section\">\n\t\t\t\t\t\t<div class=\"elementor-container elementor-column-gap-default\">\n\t\t\t\t\t<div class=\"elementor-column elementor-col-50 elementor-inner-column elementor-element elementor-element-2225e4ce animated-slow elementor-invisible\" data-id=\"2225e4ce\" data-element_type=\"column\" data-e-type=\"column\" data-settings=\"{&quot;animation&quot;:&quot;slideInLeft&quot;}\">\n\t\t\t<div class=\"elementor-widget-wrap elementor-element-populated\">\n\t\t\t\t\t\t<div class=\"elementor-element elementor-element-320002d6 elementor-widget-divider--view-line elementor-widget elementor-widget-divider\" data-id=\"320002d6\" data-element_type=\"widget\" data-e-type=\"widget\" data-widget_type=\"divider.default\">\n\t\t\t\t<div class=\"elementor-widget-container\">\n\t\t\t\t\t\t\t<div class=\"elementor-divider\">\n\t\t\t<span class=\"elementor-divider-separator\">\n\t\t\t\t\t\t<\/span>\n\t\t<\/div>\n\t\t\t\t\t\t<\/div>\n\t\t\t\t<\/div>\n\t\t\t\t<div class=\"elementor-element elementor-element-ea20dc8 elementor-widget elementor-widget-image\" data-id=\"ea20dc8\" data-element_type=\"widget\" data-e-type=\"widget\" data-widget_type=\"image.default\">\n\t\t\t\t<div class=\"elementor-widget-container\">\n\t\t\t\t\t\t\t\t\t\t\t\t\t\t\t<img fetchpriority=\"high\" decoding=\"async\" width=\"300\" height=\"246\" src=\"https:\/\/bayana.dunasolution.com\/wp-content\/uploads\/2024\/12\/logo-bayana-300x246.png\" class=\"attachment-medium size-medium wp-image-135\" alt=\"\" srcset=\"https:\/\/bayana.dunasolution.com\/wp-content\/uploads\/2024\/12\/logo-bayana-300x246.png 300w, https:\/\/bayana.dunasolution.com\/wp-content\/uploads\/2024\/12\/logo-bayana.png 410w\" sizes=\"(max-width: 300px) 100vw, 300px\" \/>\t\t\t\t\t\t\t\t\t\t\t\t\t\t\t<\/div>\n\t\t\t\t<\/div>\n\t\t\t\t<div class=\"elementor-element elementor-element-2e054a7a elementor-widget elementor-widget-text-editor\" data-id=\"2e054a7a\" data-element_type=\"widget\" data-e-type=\"widget\" data-widget_type=\"text-editor.default\">\n\t\t\t\t<div class=\"elementor-widget-container\">\n\t\t\t\t\t\t\t\t\tBAYANA FOOD se bavi proizvodnjom bezglutenskih &amp; vegan &amp; bez soje &amp; bez laktoze &amp; bez alergena proizvoda, a nastala kao produkt vi\u0161edecenijskog iskustva u prehrambenoj industriji, kao i zbog sve ve\u0107e potrebe potro\u0161a\u010da za ovakvom vrstom ishrane.\nU asortimanu imamo nekoliko varijeteta testenina, vegan burgera, me\u0161avina bra\u0161na za proje,\nme\u0161avina bra\u0161na za hlebove i uskoro nekoliko vrsta keksova i sa tendencijom razvoja ostalih\nproizvoda prema zahtevima tr\u017ei\u0161ta i\/ili potencijalnih partnera.\nNa\u0161a misija je edukovati korisnike i predo\u010diti im sve prednosti ovakvog na\u010dina ishrane, kao najva\u017enijeg trenda u o\u010duvanju zdravlja i jednog kvalitetnijeg na\u010dina \u017eivota, \u0161to umnogome doprinosi ne samo pojednicu, nego i dru\u0161tvu u celini.\nNa\u0161a vizija je konstantno oslu\u0161kivati potrebe tr\u017ei\u0161ta i rasti prvenstveno u sektoru kvaliteta i\nja\u010danja brenda, a potom i u drugim sektorima, kao i povezivivati se sa zanteresovanim\nklijentima i tako omogu\u0107iti plasman na\u0161ih proizvoda, kako u zemlji, ali tako i u regionu.\n\n\t\t\t\t\t\t\t\t<\/div>\n\t\t\t\t<\/div>\n\t\t\t\t\t<\/div>\n\t\t<\/div>\n\t\t\t\t<div class=\"elementor-column elementor-col-50 elementor-inner-column elementor-element elementor-element-34ae7af5 elementor-invisible\" data-id=\"34ae7af5\" data-element_type=\"column\" data-e-type=\"column\" data-settings=\"{&quot;animation&quot;:&quot;slideInRight&quot;}\">\n\t\t\t<div class=\"elementor-widget-wrap elementor-element-populated\">\n\t\t\t\t\t\t<div class=\"elementor-element elementor-element-d3d57c3 elementor-widget elementor-widget-image\" data-id=\"d3d57c3\" data-element_type=\"widget\" data-e-type=\"widget\" data-widget_type=\"image.default\">\n\t\t\t\t<div class=\"elementor-widget-container\">\n\t\t\t\t\t\t\t\t\t\t\t\t\t\t\t<img decoding=\"async\" width=\"720\" height=\"717\" src=\"https:\/\/bayana.dunasolution.com\/wp-content\/uploads\/2025\/01\/slika-30.png\" class=\"attachment-large size-large wp-image-498\" alt=\"\" srcset=\"https:\/\/bayana.dunasolution.com\/wp-content\/uploads\/2025\/01\/slika-30.png 720w, https:\/\/bayana.dunasolution.com\/wp-content\/uploads\/2025\/01\/slika-30-300x300.png 300w, https:\/\/bayana.dunasolution.com\/wp-content\/uploads\/2025\/01\/slika-30-150x150.png 150w, https:\/\/bayana.dunasolution.com\/wp-content\/uploads\/2025\/01\/slika-30-600x598.png 600w, https:\/\/bayana.dunasolution.com\/wp-content\/uploads\/2025\/01\/slika-30-100x100.png 100w\" sizes=\"(max-width: 720px) 100vw, 720px\" \/>\t\t\t\t\t\t\t\t\t\t\t\t\t\t\t<\/div>\n\t\t\t\t<\/div>\n\t\t\t\t<div class=\"elementor-element elementor-element-799893a4 elementor-widget elementor-widget-image-carousel\" data-id=\"799893a4\" data-element_type=\"widget\" data-e-type=\"widget\" data-settings=\"{&quot;slides_to_show&quot;:&quot;4&quot;,&quot;image_spacing_custom&quot;:{&quot;unit&quot;:&quot;px&quot;,&quot;size&quot;:15,&quot;sizes&quot;:[]},&quot;navigation&quot;:&quot;none&quot;,&quot;autoplay&quot;:&quot;yes&quot;,&quot;pause_on_hover&quot;:&quot;yes&quot;,&quot;pause_on_interaction&quot;:&quot;yes&quot;,&quot;autoplay_speed&quot;:5000,&quot;infinite&quot;:&quot;yes&quot;,&quot;speed&quot;:500,&quot;image_spacing_custom_tablet&quot;:{&quot;unit&quot;:&quot;px&quot;,&quot;size&quot;:&quot;&quot;,&quot;sizes&quot;:[]},&quot;image_spacing_custom_mobile&quot;:{&quot;unit&quot;:&quot;px&quot;,&quot;size&quot;:&quot;&quot;,&quot;sizes&quot;:[]}}\" data-widget_type=\"image-carousel.default\">\n\t\t\t\t<div class=\"elementor-widget-container\">\n\t\t\t\t\t\t\t<div class=\"elementor-image-carousel-wrapper swiper\" role=\"region\" aria-roledescription=\"carousel\" aria-label=\"Image Carousel\" dir=\"ltr\">\n\t\t\t<div class=\"elementor-image-carousel swiper-wrapper\" aria-live=\"off\">\n\t\t\t\t\t\t\t\t<div class=\"swiper-slide\" role=\"group\" aria-roledescription=\"slide\" aria-label=\"1 of 11\"><figure class=\"swiper-slide-inner\"><img decoding=\"async\" class=\"swiper-slide-image\" src=\"https:\/\/bayana.dunasolution.com\/wp-content\/uploads\/2025\/01\/slika-30.png\" alt=\"slika-30\" \/><\/figure><\/div><div class=\"swiper-slide\" role=\"group\" aria-roledescription=\"slide\" aria-label=\"2 of 11\"><figure class=\"swiper-slide-inner\"><img decoding=\"async\" class=\"swiper-slide-image\" src=\"https:\/\/bayana.dunasolution.com\/wp-content\/uploads\/2025\/01\/slika-39.png\" alt=\"slika-39\" \/><\/figure><\/div><div class=\"swiper-slide\" role=\"group\" aria-roledescription=\"slide\" aria-label=\"3 of 11\"><figure class=\"swiper-slide-inner\"><img decoding=\"async\" class=\"swiper-slide-image\" src=\"https:\/\/bayana.dunasolution.com\/wp-content\/uploads\/2025\/01\/slika-47.png\" alt=\"slika-47\" \/><\/figure><\/div><div class=\"swiper-slide\" role=\"group\" aria-roledescription=\"slide\" aria-label=\"4 of 11\"><figure class=\"swiper-slide-inner\"><img decoding=\"async\" class=\"swiper-slide-image\" src=\"https:\/\/bayana.dunasolution.com\/wp-content\/uploads\/2025\/01\/slika-48.png\" alt=\"slika-48\" \/><\/figure><\/div><div class=\"swiper-slide\" role=\"group\" aria-roledescription=\"slide\" aria-label=\"5 of 11\"><figure class=\"swiper-slide-inner\"><img decoding=\"async\" class=\"swiper-slide-image\" src=\"https:\/\/bayana.dunasolution.com\/wp-content\/uploads\/2025\/01\/slika-46.png\" alt=\"slika-46\" \/><\/figure><\/div><div class=\"swiper-slide\" role=\"group\" aria-roledescription=\"slide\" aria-label=\"6 of 11\"><figure class=\"swiper-slide-inner\"><img decoding=\"async\" class=\"swiper-slide-image\" src=\"https:\/\/bayana.dunasolution.com\/wp-content\/uploads\/2025\/01\/slika-49.png\" alt=\"slika-49\" \/><\/figure><\/div><div class=\"swiper-slide\" role=\"group\" aria-roledescription=\"slide\" aria-label=\"7 of 11\"><figure class=\"swiper-slide-inner\"><img decoding=\"async\" class=\"swiper-slide-image\" src=\"https:\/\/bayana.dunasolution.com\/wp-content\/uploads\/2025\/01\/slika-45.png\" alt=\"slika-45\" \/><\/figure><\/div><div class=\"swiper-slide\" role=\"group\" aria-roledescription=\"slide\" aria-label=\"8 of 11\"><figure class=\"swiper-slide-inner\"><img decoding=\"async\" class=\"swiper-slide-image\" src=\"https:\/\/bayana.dunasolution.com\/wp-content\/uploads\/2025\/01\/slika-25.png\" alt=\"slika-25\" \/><\/figure><\/div><div class=\"swiper-slide\" role=\"group\" aria-roledescription=\"slide\" aria-label=\"9 of 11\"><figure class=\"swiper-slide-inner\"><img decoding=\"async\" class=\"swiper-slide-image\" src=\"https:\/\/bayana.dunasolution.com\/wp-content\/uploads\/2025\/01\/slika-33.png\" alt=\"slika-33\" \/><\/figure><\/div><div class=\"swiper-slide\" role=\"group\" aria-roledescription=\"slide\" aria-label=\"10 of 11\"><figure class=\"swiper-slide-inner\"><img decoding=\"async\" class=\"swiper-slide-image\" src=\"https:\/\/bayana.dunasolution.com\/wp-content\/uploads\/2025\/01\/slika-26.png\" alt=\"slika-26\" \/><\/figure><\/div><div class=\"swiper-slide\" role=\"group\" aria-roledescription=\"slide\" aria-label=\"11 of 11\"><figure class=\"swiper-slide-inner\"><img decoding=\"async\" class=\"swiper-slide-image\" src=\"https:\/\/bayana.dunasolution.com\/wp-content\/uploads\/2025\/01\/slika-32.png\" alt=\"slika-32\" \/><\/figure><\/div>\t\t\t<\/div>\n\t\t\t\t\t\t\t\n\t\t\t\t\t\t\t\t\t<\/div>\n\t\t\t\t\t\t<\/div>\n\t\t\t\t<\/div>\n\t\t\t\t\t<\/div>\n\t\t<\/div>\n\t\t\t\t\t<\/div>\n\t\t<\/section>\n\t\t\t\t\t<\/div>\n\t\t<\/div>\n\t\t\t\t\t<\/div>\n\t\t<\/section>\n\t\t<div class=\"elementor-element elementor-element-10d55eb e-flex e-con-boxed e-con e-parent\" data-id=\"10d55eb\" data-element_type=\"container\" data-e-type=\"container\">\n\t\t\t\t\t<div class=\"e-con-inner\">\n\t\t\t\t<div class=\"elementor-element elementor-element-d6604b7 elementor-widget elementor-widget-heading\" data-id=\"d6604b7\" data-element_type=\"widget\" data-e-type=\"widget\" data-widget_type=\"heading.default\">\n\t\t\t\t<div class=\"elementor-widget-container\">\n\t\t\t\t\t<h2 class=\"elementor-heading-title elementor-size-default\">Zato \u0161to voli\u0161 sebe!<\/h2>\t\t\t\t<\/div>\n\t\t\t\t<\/div>\n\t\t\t\t\t<\/div>\n\t\t\t\t<\/div>\n\t\t\t\t<\/div>\n\t\t","protected":false},"excerpt":{"rendered":"<p>Na\u0161a pri\u010da Zato \u0161to voli\u0161 sebe! BAYANA FOOD se bavi proizvodnjom bezglutenskih &amp; vegan &amp; bez soje &amp; bez laktoze &amp; bez alergena proizvoda, a nastala kao produkt vi\u0161edecenijskog iskustva u prehrambenoj industriji, kao i zbog sve ve\u0107e potrebe potro\u0161a\u010da za ovakvom vrstom ishrane. U asortimanu imamo nekoliko varijeteta testenina, vegan burgera, me\u0161avina bra\u0161na za [&hellip;]<\/p>\n","protected":false},"author":1,"featured_media":0,"parent":0,"menu_order":0,"comment_status":"closed","ping_status":"closed","template":"","meta":{"postBodyMargin":[],"postBodyPadding":[],"postBodyBackground":{"backgroundType":"classic","gradient":""},"footnotes":""},"class_list":["post-51","page","type-page","status-publish","hentry"],"_links":{"self":[{"href":"https:\/\/bayana.dunasolution.com\/index.php?rest_route=\/wp\/v2\/pages\/51","targetHints":{"allow":["GET"]}}],"collection":[{"href":"https:\/\/bayana.dunasolution.com\/index.php?rest_route=\/wp\/v2\/pages"}],"about":[{"href":"https:\/\/bayana.dunasolution.com\/index.php?rest_route=\/wp\/v2\/types\/page"}],"author":[{"embeddable":true,"href":"https:\/\/bayana.dunasolution.com\/index.php?rest_route=\/wp\/v2\/users\/1"}],"replies":[{"embeddable":true,"href":"https:\/\/bayana.dunasolution.com\/index.php?rest_route=%2Fwp%2Fv2%2Fcomments&post=51"}],"version-history":[{"count":35,"href":"https:\/\/bayana.dunasolution.com\/index.php?rest_route=\/wp\/v2\/pages\/51\/revisions"}],"predecessor-version":[{"id":640,"href":"https:\/\/bayana.dunasolution.com\/index.php?rest_route=\/wp\/v2\/pages\/51\/revisions\/640"}],"wp:attachment":[{"href":"https:\/\/bayana.dunasolution.com\/index.php?rest_route=%2Fwp%2Fv2%2Fmedia&parent=51"}],"curies":[{"name":"wp","href":"https:\/\/api.w.org\/{rel}","templated":true}]}}